{"id":8,"date":"2023-05-11T08:42:31","date_gmt":"2023-05-11T06:42:31","guid":{"rendered":"https:\/\/demosites.royal-elementor-addons.com\/fintech-v1\/?page_id=8"},"modified":"2024-05-22T11:08:00","modified_gmt":"2024-05-22T09:08:00","slug":"a-propos","status":"publish","type":"page","link":"https:\/\/itgsarl.com\/?page_id=8","title":{"rendered":"A Propos"},"content":{"rendered":"<style>\/*! elementor - v3.20.0 - 26-03-2024 *\/\n.elementor-heading-title{padding:0;margin:0;line-height:1}.elementor-widget-heading .elementor-heading-title[class*=elementor-size-]>a{color:inherit;font-size:inherit;line-height:inherit}.elementor-widget-heading .elementor-heading-title.elementor-size-small{font-size:15px}.elementor-widget-heading .elementor-heading-title.elementor-size-medium{font-size:19px}.elementor-widget-heading .elementor-heading-title.elementor-size-large{font-size:29px}.elementor-widget-heading .elementor-heading-title.elementor-size-xl{font-size:39px}.elementor-widget-heading .elementor-heading-title.elementor-size-xxl{font-size:59px}<\/style>\n<h4>A PROPOS<\/h4>\n<h5>A PROPOS DE NOUS<\/h5>\n<h5 style=\"text-align: center;\">Qui sommes-nous ?<\/h5>\n<p style=\"text-align: center;\">ITG SARL est un cabinet de conseil et d&rsquo;ing\u00e9nierie informatique qui a \u00e9t\u00e9 sp\u00e9cifiquement con\u00e7ue pour r\u00e9pondre aux exigences de la gestion des <strong>Grandes<\/strong>, <strong>Petites<\/strong> et <strong>Moyennes<\/strong> Entreprises.<\/p>\n<p style=\"text-align: center;\">Nous accompagnons les entreprises dans leur transformation digitale, alliant performance et innovation, pour plus de valeur ajout\u00e9e.<\/p>\n<p style=\"text-align: center;\">Chez ITG SARL, nous avons b\u00e2ti notre expertise et notre savoir-faire sur plus de \u00a010 ans de d\u2019exp\u00e9riences professionnels de nos Associ\u00e9s au contact de plusieurs m\u00e9tiers et grandes entreprises.<\/p>\n<p style=\"text-align: center;\">Notre atout r\u00e9side dans\u00a0 notre passion pour l\u2019innovation mais aussi dans nos mod\u00e8les d\u2019offres attractifs et comp\u00e9titifs.<\/p>\n<p>\u00a0<\/p>\n<h5 style=\"text-align: center;\">Que faisons-nous ?<\/h5>\n<p>Nous pensons que les logiciels de gestion doivent couvrir les besoins avanc\u00e9s sans \u00eatre complexes.<\/p>\n<p>Ainsi nous avons d\u00e9velopp\u00e9 un progiciel de gestion d\u00e9nom\u00e9 e-pegase r\u00e9pondant aux attentes des entreprises et industries. Notre but est de mettre \u00e0 disposition une application \u00e0 la fois innovante et simple \u00e0 utiliser, tout en restant abordable.<\/p>\n<p>Notre d\u00e9veloppement, bas\u00e9 sur une m\u00e9thodologie agile et sur des technologies modernes, vous permet de suivre la gestion de tous les process dans plusieurs types d\u2019entreprises \u00a0: Gestion administrative, comptable et financi\u00e8re, Gestion des process, Informatique, d\u00e9veloppements sp\u00e9cifiques etc.<\/p>\n<h5 style=\"text-align: center;\">Notre mission<\/h5>\n<p style=\"text-align: center;\">Faire profiter nos clients et partenaires de notre expertise et savoir-faire, gr\u00e2ce \u00e0 une approche collaborative.<\/p>\n<p style=\"text-align: center;\">Mettre en place des solutions innovantes avec un rapide retour sur investissement.<\/p>\n<p style=\"text-align: center;\">Un accompagnement \u00e9troit de nos clients durant toutes les phases du projet.<\/p>\n<p style=\"text-align: center;\">Contribuer activement au d\u00e9veloppement et \u00e0 l&rsquo;adoption des meilleures pratiques et \u00e0 la g\u00e9n\u00e9ration de la valeur ajout\u00e9e.<\/p>\n<p style=\"text-align: center;\">S\u2019engager sur la p\u00e9rennit\u00e9 et le d\u00e9veloppement d\u2019une solide et long terme relation business.<\/p>\n<style>\/*! elementor - v3.20.0 - 26-03-2024 *\/\n.elementor-column .elementor-spacer-inner{height:var(--spacer-size)}.e-con{--container-widget-width:100%}.e-con-inner>.elementor-widget-spacer,.e-con>.elementor-widget-spacer{width:var(--container-widget-width,var(--spacer-size));--align-self:var(--container-widget-align-self,initial);--flex-shrink:0}.e-con-inner>.elementor-widget-spacer>.elementor-widget-container,.e-con>.elementor-widget-spacer>.elementor-widget-container{height:100%;width:100%}.e-con-inner>.elementor-widget-spacer>.elementor-widget-container>.elementor-spacer,.e-con>.elementor-widget-spacer>.elementor-widget-container>.elementor-spacer{height:100%}.e-con-inner>.elementor-widget-spacer>.elementor-widget-container>.elementor-spacer>.elementor-spacer-inner,.e-con>.elementor-widget-spacer>.elementor-widget-container>.elementor-spacer>.elementor-spacer-inner{height:var(--container-widget-height,var(--spacer-size))}.e-con-inner>.elementor-widget-spacer.elementor-widget-empty,.e-con>.elementor-widget-spacer.elementor-widget-empty{position:relative;min-height:22px;min-width:22px}.e-con-inner>.elementor-widget-spacer.elementor-widget-empty .elementor-widget-empty-icon,.e-con>.elementor-widget-spacer.elementor-widget-empty .elementor-widget-empty-icon{position:absolute;top:0;bottom:0;left:0;right:0;margin:auto;padding:0;width:22px;height:22px}<\/style>\n<h5>NOTRE APPROCHE<\/h5>\n<h5 style=\"text-align: center;\">CHOIX DU PROJET<\/h5>\n<p>M\u00eame si le premier projet \u00e0 externaliser a une valeur de test, il faut qu&rsquo;il soit visible et assez important pour que les \u00e9quipes internes du client adh\u00e8rent \u00e0 la d\u00e9marche.<\/p>\n<h5 style=\"text-align: center;\">FONCTIONNEMENT EN \u00c9QUIPES INTEGREES<\/h5>\n<p>Nous travaillons avec le client comme si on \u00e9tait en interne. Nous r\u00e9alisons les d\u00e9veloppements demand\u00e9s sous le contr\u00f4le de notre chef de projet et notre correspondant chez le client qui s&rsquo;assure aussi de la qualit\u00e9 des livrables.<\/p>\n<h5 style=\"text-align: center;\">METHODE ITERATIVE<\/h5>\n<p>Cette m\u00e9thode repose sur des cycles de d\u00e9veloppement courts et donc des livraisons et des tests fr\u00e9quents. Elle nous permet de tenir compte de l&rsquo;\u00e9volution in\u00e9vitable des sp\u00e9cifications et de nous assurer en permanence de leur compr\u00e9hension.<\/p>\n<h5 style=\"text-align: center;\">COMMUNIQUER<\/h5>\n<p>Nos ing\u00e9nieurs sont en contact permanent et souvent quotidien avec leurs interlocuteurs chez le client. Ce qui nous permet d&rsquo;\u00e9viter les incompr\u00e9hensions et pr\u00e9ciser les sp\u00e9cifications. En plus du t\u00e9l\u00e9phone, l&rsquo;e-mail et les voyages, nous offrons \u00e0 nos clients une boite \u00e0 outils qui permet de favoriser une collaboration efficace.\t\t<\/p>\n<h5>NOS VALEURS<\/h5>\n<h3 style=\"text-align: left;\">Confiance<\/h3>\n<p>La confiance de nos clients est essentielle \u00e0 nos yeux. Nous nous y consacrons sans rel\u00e2che afin de d\u00e9montrer notre responsabilit\u00e9 et notre fiabilit\u00e9. Nous sommes transparents dans tout ce que nous entreprenons et leurs apportons toutes les garanties utiles et n\u00e9cessaires pour qu&rsquo;ils puissent piloter sereinement leur activit\u00e9.<\/p>\n<h3>Convivialit\u00e9<\/h3>\n<p>Notre \u00e9quipe est jeune et dynamique, mais surtout elle est toujours disponible pour vous accompagner et vous aider dans l&rsquo;utilisation de notre application. Pas de num\u00e9ro surtax\u00e9, pas de serveur vocal d\u00e9shumanis\u00e9&#8230; un simple clic ou un coup de fil suffisent pour nous joindre et commencer \u00e0 discuter.<\/p>\n<h3>\u00c9coute<\/h3>\n<p>Nous travaillons au quotidien pour vous apporter un service de qualit\u00e9. Pour cela nous \u00e9coutons attentivement les suggestions de nos clients afin de r\u00e9pondre au mieux \u00e0 leurs attentes. C&rsquo;est notamment le cas en ce qui concerne notre feuille de route concernant le d\u00e9veloppement de nouvelles fonctionnalit\u00e9s.<\/p>\n<h3>Innovation<\/h3>\n<p>Nous innovons, nous d\u00e9veloppons et nous am\u00e9liorons sans cesse notre application en ayant toujours en ligne de mire la simplicit\u00e9 n\u00e9cessaire \u00e0 son utilisation.<\/p>\n<h3>Professionnalisme<\/h3>\n<p>Votre satisfaction est notre priorit\u00e9 n\u00b01 ! Nous mettons toute notre expertise au service de la gestion de votre entreprise afin d&rsquo;optimiser vos processus op\u00e9rationnels, de vous offrir une plus grande visibilit\u00e9 sur votre activit\u00e9 et une plus grande s\u00e9curit\u00e9 dans la gestion et le stockage de vos donn\u00e9es.<\/p>\n<h3>Engagement<\/h3>\n<p>L\u2019engagement est port\u00e9 par chacun des collaborateurs dans les missions propos\u00e9es et accomplies aupr\u00e8s des clients.ITG s\u2019attache \u00e0 mobiliser les ressources et expertises n\u00e9cessaires pour aider ses clients dans l\u2019atteinte de leurs objectifs m\u00e9tiers \u2013 strat\u00e9gies.\t\t<\/p>\n<h5>NOTRE EQUIPE<\/h5>\n<h5>\u00ab Form\u00e9s pour offrir la meilleure qualit\u00e9 de services. Sur toute la ligne \u00bb<\/h5>\n<section>L\u2019\u00e9quipe ITG SARL est dot\u00e9es d\u2019une exp\u00e9rience significative et r\u00e9ussie dans la conception et le d\u00e9veloppement d&rsquo;applications informatiques strat\u00e9giques.Leur comp\u00e9tence, leur s\u00e9rieux et leur implication sont garants de la r\u00e9ussite de vos projets. Inventifs et en veille permanente, forces de proposition, ils mobilisent leur ma\u00eetrise des technologies web pour concevoir des solutions innovantes, adapt\u00e9es et p\u00e9rennes.Anim\u00e9s d\u2019un r\u00e9el esprit d\u2019\u00e9quipe, int\u00e9ress\u00e9s \u00e0 la croissance de leur entreprise et motiv\u00e9s, ils mettent leurs comp\u00e9tences et connaissances \u00e0 votre service.ITG SARL , c\u2019est une \u00e9quipe unie par un profond sens du service et une m\u00eame volont\u00e9 d\u2019apporter la r\u00e9ponse la plus adapt\u00e9e.<\/section>\n<section>\u00a0<\/section>\n<h5>Vous voulez en savoir plus ?<\/h5>\n<h4>Appelez-nous au +223 79 28 48 99<br \/><\/h4>\n","protected":false},"excerpt":{"rendered":"<p>A PROPOS A PROPOS DE NOUS Qui sommes-nous ? ITG SARL est un cabinet de conseil et d&rsquo;ing\u00e9nierie informatique qui a \u00e9t\u00e9 sp\u00e9cifiquement con\u00e7ue pour r\u00e9pondre aux exigences de la gestion des Grandes, Petites et Moyennes Entreprises. Nous accompagnons les entreprises dans leur transformation digitale, alliant performance et innovation, pour plus de valeur ajout\u00e9e. Chez [&hellip;]<\/p>\n","protected":false},"author":1,"featured_media":0,"parent":0,"menu_order":0,"comment_status":"closed","ping_status":"closed","template":"elementor_canvas","meta":{"footnotes":""},"class_list":["post-8","page","type-page","status-publish","hentry"],"_links":{"self":[{"href":"https:\/\/itgsarl.com\/index.php?rest_route=\/wp\/v2\/pages\/8","targetHints":{"allow":["GET"]}}],"collection":[{"href":"https:\/\/itgsarl.com\/index.php?rest_route=\/wp\/v2\/pages"}],"about":[{"href":"https:\/\/itgsarl.com\/index.php?rest_route=\/wp\/v2\/types\/page"}],"author":[{"embeddable":true,"href":"https:\/\/itgsarl.com\/index.php?rest_route=\/wp\/v2\/users\/1"}],"replies":[{"embeddable":true,"href":"https:\/\/itgsarl.com\/index.php?rest_route=%2Fwp%2Fv2%2Fcomments&post=8"}],"version-history":[{"count":37,"href":"https:\/\/itgsarl.com\/index.php?rest_route=\/wp\/v2\/pages\/8\/revisions"}],"predecessor-version":[{"id":1160,"href":"https:\/\/itgsarl.com\/index.php?rest_route=\/wp\/v2\/pages\/8\/revisions\/1160"}],"wp:attachment":[{"href":"https:\/\/itgsarl.com\/index.php?rest_route=%2Fwp%2Fv2%2Fmedia&parent=8"}],"curies":[{"name":"wp","href":"https:\/\/api.w.org\/{rel}","templated":true}]}}